{"id":8042,"date":"2025-12-15T09:37:51","date_gmt":"2025-12-15T09:37:51","guid":{"rendered":"https:\/\/infittrainer.es\/accessibility-statement\/"},"modified":"2025-12-16T09:45:27","modified_gmt":"2025-12-16T09:45:27","slug":"accessibility-statement","status":"publish","type":"page","link":"https:\/\/infittrainer.es\/en\/accessibility-statement\/","title":{"rendered":"Accessibility statement"},"content":{"rendered":"\t\t<div data-elementor-type=\"wp-page\" data-elementor-id=\"8042\" class=\"elementor elementor-8042 elementor-7980\" data-elementor-post-type=\"page\">\n\t\t\t\t<div class=\"elementor-element elementor-element-1c1d6b5 e-flex e-con-boxed e-con e-parent \" data-id=\"1c1d6b5\" data-element_type=\"container\" data-e-type=\"container\">\t\t\t<div class=\"e-con-inner\">\r\n\t\t\t\t<div class=\"elementor-element elementor-element-ec4be09 elementor-widget elementor-widget-heading\" data-id=\"ec4be09\" data-element_type=\"widget\" data-e-type=\"widget\" data-widget_type=\"heading.default\">\n\t\t\t\t\t<h2 class=\"elementor-heading-title elementor-size-default\">ACCESSIBILITY STATEMENT<\/h2>\t\t\t\t<\/div>\n\t\t\t\t<div class=\"elementor-element elementor-element-74d5905 elementor-widget elementor-widget-text-editor\" data-id=\"74d5905\" data-element_type=\"widget\" data-e-type=\"widget\" data-widget_type=\"text-editor.default\">\n\t\t\t\t\t\t\t\t\t<p class=\"p1\"><span class=\"s1\"><b>infittrainer.com<\/b><\/span> undertakes to make its website accessible, in accordance with the <span class=\"s1\"><b>Royal Decree 1112\/2018, of September 7, 2018<\/b><\/span>, on accessibility of websites and applications for mobile devices.<\/p><p class=\"p1\">This accessibility statement applies to the website:<\/p><p class=\"p1\"> \n<blockquote class=\"wp-embedded-content\" data-secret=\"LW5MfEv6N3\"><a href=\"https:\/\/infittrainer.es\/en\/\">Infit Puerto Real | Crosstraining, Functional &amp; Yoga in C\u00e1diz<\/a><\/blockquote><iframe class=\"wp-embedded-content\" sandbox=\"allow-scripts\" security=\"restricted\" style=\"position: absolute; visibility: hidden;\" title=\"&#8220;Infit Puerto Real | Crosstraining, Functional &amp; Yoga in C\u00e1diz&#8221; &#8212; Infit Puerto Real\" src=\"https:\/\/infittrainer.es\/en\/embed\/#?secret=TAQsOHRIuk#?secret=LW5MfEv6N3\" data-secret=\"LW5MfEv6N3\" width=\"600\" height=\"338\" frameborder=\"0\" marginwidth=\"0\" marginheight=\"0\" scrolling=\"no\"><\/iframe><\/p><h2><b>Compliance status<\/b><\/h2><p class=\"p1\">This website is <span class=\"s1\"><b>partially compliant<\/b><\/span> with the <span class=\"s1\"><b>Royal Decree 1112\/2018<\/b><\/span>, due to the non-conformity of the aspects listed below.<\/p><h2><b>Content not accessible<\/b><\/h2><p class=\"p1\">The content below is not accessible because of the following:<\/p><h3><b>a) Non-compliance with RD 1112\/2018.<\/b><\/h3><ul><li><p class=\"p1\">There may be some elements with insufficient <span class=\"s1\"><b>insufficient color contrast<\/b><\/span> in certain visual combinations.<\/p><\/li><li><p class=\"p1\">Some <span class=\"s1\"><b>links or buttons<\/b><\/span> may not have a sufficiently descriptive text in all cases.<\/p><\/li><li><p class=\"p1\">There may be <span class=\"s1\"><b>images without adequate alternative text<\/b><\/span> appropriate for specific content.<\/p><\/li><li><p class=\"p1\">Some components generated by third parties (widgets, maps, iframes or external plugins) may not fully comply with the accessibility criteria.<\/p><\/li><\/ul><h3><b>b) Disproportionate burden<\/b><\/h3><p class=\"p1\">Not applicable.<\/p><h3><b>c) Content outside the scope of the applicable law<\/b><\/h3><p class=\"p1\">Not applicable.<\/p><h2><b>Measures taken to improve accessibility<\/b><\/h2><p class=\"p1\">The website uses <span class=\"s1\"><b>WordPress<\/b><\/span> as a content management system and has the <span class=\"s1\"><b>Readabler plugin<\/b><\/span>plugin, which allows:<\/p><ul><li><p class=\"p1\">Text size adjustment<\/p><\/li><li><p class=\"p1\">Contrast enhancement and high contrast modes<\/p><\/li><li><p class=\"p1\">Assisted navigation<\/p><\/li><li><p class=\"p1\">Link highlighting<\/p><\/li><li><p class=\"p1\">Simplified reading and visual support<\/p><\/li><\/ul><p class=\"p1\">In addition, good practices are applied in:<\/p><ul><li><p class=\"p1\">semantic structure of the content,<\/p><\/li><li><p class=\"p1\">hierarchy of headers,<\/p><\/li><li><p class=\"p1\">responsive navigation,<\/p><\/li><li><p class=\"p1\">basic keyboard accessibility.<\/p><\/li><\/ul><h2><b>Preparation of this accessibility statement<\/b><\/h2><ul><li><p class=\"p1\"><span class=\"s1\"><b>Preparation date:<\/b><\/span> December 15, 2025<\/p><\/li><li><p class=\"p1\"><span class=\"s1\"><b>Method used:<\/b><\/span> internal self-assessment, based on technical review of the website and the use of automatic tools and manual checks, supported by the Readabler plugin.<\/p><\/li><\/ul><p> <\/p><h2><b>Remarks and contact information<\/b><\/h2><p class=\"p1\">If you detect any accessibility barrier or wish to make a communication, you can do so through:<\/p><ul><li><p class=\"p1\"><span class=\"s1\"><b>Website owner:<\/b><\/span> Marcos Josu\u00e9 Falc\u00f3n Falc\u00f3n<\/p><\/li><li><p class=\"p1\"><span class=\"s1\"><b>TAX ID:<\/b><\/span> 44718801Q<\/p><\/li><li><p class=\"p1\"><span class=\"s1\"><b>Address:<\/b><\/span> San Alejandro 91, Puerto Real, 11510<\/p><\/li><li><p class=\"p1\"><span class=\"s1\"><b>E-mail address:<\/b><\/span> <i>(add contact email)<\/i><\/p><\/li><\/ul><p class=\"p1\">The communications may deal with:<\/p><ul><li><p class=\"p1\">possible non-compliances in terms of accessibility,<\/p><\/li><li><p class=\"p1\">difficulties in accessing content,<\/p><\/li><li><p class=\"p1\">accessible information requests.<\/p><\/li><\/ul><h2><b>Claim procedure<\/b><\/h2><p class=\"p1\">In the event of not receiving a satisfactory response to a request for accessibility, the interested party may initiate a complaint in accordance with the provisions of <span class=\"s1\"><b>article 13 of Royal Decree 1112\/2018<\/b><\/span>, before the competent body.<\/p><h2><b>Commitment to continuous improvement<\/b><\/h2><p class=\"p1\">infittrainer.es is committed to the progressive improvement of digital accessibility, periodically reviewing its contents, structure and functionalities to facilitate universal access to information.<\/p>\t\t\t\t\t\t\t\t<\/div>\n\t\t\t\t\t<\/div>\r\n\t\t\t\t<\/div>\r\n\t\t\t\t<\/div>\n\t\t","protected":false},"excerpt":{"rendered":"<p>ACCESSIBILITY STATEMENT infittrainer.com undertakes to make its website accessible, in accordance with the Royal Decree 1112\/2018, of September 7, 2018, on accessibility of websites and applications for mobile devices. This accessibility statement applies to the website: Infit Puerto Real | Crosstraining, Functional &amp; Yoga in C\u00e1diz Compliance status This website is partially compliant with the [&hellip;]<\/p>\n","protected":false},"author":1,"featured_media":0,"parent":0,"menu_order":0,"comment_status":"closed","ping_status":"closed","template":"","meta":{"footnotes":""},"class_list":["post-8042","page","type-page","status-publish","hentry"],"_links":{"self":[{"href":"https:\/\/infittrainer.es\/en\/wp-json\/wp\/v2\/pages\/8042","targetHints":{"allow":["GET"]}}],"collection":[{"href":"https:\/\/infittrainer.es\/en\/wp-json\/wp\/v2\/pages"}],"about":[{"href":"https:\/\/infittrainer.es\/en\/wp-json\/wp\/v2\/types\/page"}],"author":[{"embeddable":true,"href":"https:\/\/infittrainer.es\/en\/wp-json\/wp\/v2\/users\/1"}],"replies":[{"embeddable":true,"href":"https:\/\/infittrainer.es\/en\/wp-json\/wp\/v2\/comments?post=8042"}],"version-history":[{"count":1,"href":"https:\/\/infittrainer.es\/en\/wp-json\/wp\/v2\/pages\/8042\/revisions"}],"predecessor-version":[{"id":8043,"href":"https:\/\/infittrainer.es\/en\/wp-json\/wp\/v2\/pages\/8042\/revisions\/8043"}],"wp:attachment":[{"href":"https:\/\/infittrainer.es\/en\/wp-json\/wp\/v2\/media?parent=8042"}],"curies":[{"name":"wp","href":"https:\/\/api.w.org\/{rel}","templated":true}]}}